{"id":1256,"date":"2025-09-18T14:49:59","date_gmt":"2025-09-18T14:49:59","guid":{"rendered":"https:\/\/incommer.com\/product\/luksuslik-ekskursioon-arireisijatele-tallinnas\/"},"modified":"2025-09-18T14:49:59","modified_gmt":"2025-09-18T14:49:59","slug":"luksuslik-ekskursioon-arireisijatele-tallinnas","status":"publish","type":"product","link":"https:\/\/incommer.com\/et\/toode\/luksuslik-ekskursioon-arireisijatele-tallinnas\/","title":{"rendered":"Luksuslik ekskursioon \u00e4rireisijatele Tallinnas"},"content":{"rendered":"<p><strong>Pilguheit \u00e4\u00e4relinnadesse<\/strong><\/p>\n<p>Ainulaadsed hooned, endised tehased ja erilise looga paigad.<\/p>\n<p><strong>Toomkirik ja Vanalinn<\/strong><\/p>\n<p>\u00dclalinn koos katedraaliga ja All-linn \u2014 jalutusk\u00e4ik ajaloolisel munakivil kirikute, aidad, v\u00e4ljakud ja peidetud nurgad<\/p>\n<p><strong>Katuste kohal<\/strong><\/p>\n<p>Hingematvad vaated ja Tallinna panoraamid vaateplatvormidelt.<\/p>\n<p><strong>Arhitektuur ja arhitektid<\/strong><\/p>\n<p>Erinevate ajastute hooned ja ansamblid, tornid ja p\u00f5nevad vaatepunktid.<\/p>\n<p><strong>Kunst linnaruumis<\/strong><\/p>\n<p>Monumendid, skulptuurid, mosaiigid ning t\u00e4nap\u00e4evane t\u00e4nava- ja tarbekultuur.<\/p>\n<p>Kontrolli eelkohtumiste saadavust <a href=\"https:\/\/calendly.com\/incommer-info\/30min?month=2025-09\">siit<\/a><\/p>\n<p>P\u00e4rast maksmist saate lingi Calendlysse, kus saate valida aja, et saaksime arutada teie individuaalsetele vajadustele vastavaid parimaid marsruute.<\/p>\n<p>Maksimaalselt 6 inimest<\/p>\n<p>Hind: kuni kahele \u2014 \u20ac320<\/p>\n<p>&nbsp;<\/p>\n","protected":false},"excerpt":{"rendered":"<p>Lase end Eestist inspireerida! Vali teema v\u00f5i telli ainulaadne marsruutide kombinatsioon. <\/p>\n","protected":false},"featured_media":1257,"comment_status":"closed","ping_status":"closed","template":"","meta":[],"product_brand":[],"product_cat":[41],"product_tag":[42],"class_list":{"0":"post-1256","1":"product","2":"type-product","3":"status-publish","4":"has-post-thumbnail","6":"product_cat-veebipood","7":"product_tag-linkedin","9":"first","10":"instock","11":"downloadable","12":"virtual","13":"purchasable","14":"product-type-simple"},"aioseo_notices":[],"_links":{"self":[{"href":"https:\/\/incommer.com\/et\/wp-json\/wp\/v2\/product\/1256","targetHints":{"allow":["GET"]}}],"collection":[{"href":"https:\/\/incommer.com\/et\/wp-json\/wp\/v2\/product"}],"about":[{"href":"https:\/\/incommer.com\/et\/wp-json\/wp\/v2\/types\/product"}],"replies":[{"embeddable":true,"href":"https:\/\/incommer.com\/et\/wp-json\/wp\/v2\/comments?post=1256"}],"wp:featuredmedia":[{"embeddable":true,"href":"https:\/\/incommer.com\/et\/wp-json\/wp\/v2\/media\/1257"}],"wp:attachment":[{"href":"https:\/\/incommer.com\/et\/wp-json\/wp\/v2\/media?parent=1256"}],"wp:term":[{"taxonomy":"product_brand","embeddable":true,"href":"https:\/\/incommer.com\/et\/wp-json\/wp\/v2\/product_brand?post=1256"},{"taxonomy":"product_cat","embeddable":true,"href":"https:\/\/incommer.com\/et\/wp-json\/wp\/v2\/product_cat?post=1256"},{"taxonomy":"product_tag","embeddable":true,"href":"https:\/\/incommer.com\/et\/wp-json\/wp\/v2\/product_tag?post=1256"}],"curies":[{"name":"wp","href":"https:\/\/api.w.org\/{rel}","templated":true}]}}