{"id":1254,"date":"2025-09-18T14:37:16","date_gmt":"2025-09-18T14:37:16","guid":{"rendered":"https:\/\/incommer.com\/product\/pohipakett-online\/"},"modified":"2025-09-18T14:37:16","modified_gmt":"2025-09-18T14:37:16","slug":"pohipakett-online","status":"publish","type":"product","link":"https:\/\/incommer.com\/et\/toode\/pohipakett-online\/","title":{"rendered":"P\u00f5hipakett online"},"content":{"rendered":"<p>Isiklik online-konsultatsioon \u2014 v\u00f5imalus saada selged sammud ja soovitused LinkedIni arendamiseks, turundusstrateegia t\u00e4psustamiseks v\u00f5i karj\u00e4\u00e4rip\u00f6\u00f6rde kavandamiseks.<\/p>\n<p><strong>Konsultatsiooni vorming<\/strong>. <br \/>Kestus: 60\u201390 minutit<br \/>Formaat: 1:1, t\u00e4ielikult sinu vajadustele kohandatud<br \/>Platvorm: Zoom v\u00f5i Google Meet<\/p>\n<p><strong>Kuidas konsultatsioon kulgeb<\/strong>.<br \/>Kohtumine Zoomis v\u00f5i Teamsis \u2192 Diagnostika \u2192 Lahtikirjutus \u2192 Tegevusplaan \u2192 Materjalid<\/p>\n<p><strong>Kliendi tulemused.<\/strong><br \/>\nSelge arusaam j\u00e4rgmistest sammudest LinkedInis v\u00f5i turundusstrateegias.<br \/>\nPersonaalne n\u00f5u vastavalt sinu ni\u0161ile.<br \/>\nTegevusplaan, mida saad kohe ellu viia.<\/p>\n<p>&nbsp;<\/p>\n<p>Kontrolli saadavust <a href=\"https:\/\/calendly.com\/incommer-info\/30min?month=2025-09\">siit<\/a><\/p>\n<p>P\u00f5hipakett 100 \u20ac<\/p>\n<p>&nbsp;<\/p>\n","protected":false},"excerpt":{"rendered":"<p>Isiklik online-konsultatsioon \u2014 v\u00f5imalus saada selged sammud ja soovitused LinkedIni arendamiseks, turundusstrateegia t\u00e4psustamiseks v\u00f5i karj\u00e4\u00e4rip\u00f6\u00f6rde kavandamiseks.<\/p>\n","protected":false},"featured_media":1255,"comment_status":"closed","ping_status":"closed","template":"","meta":[],"product_brand":[],"product_cat":[41],"product_tag":[42],"class_list":{"0":"post-1254","1":"product","2":"type-product","3":"status-publish","4":"has-post-thumbnail","6":"product_cat-veebipood","7":"product_tag-linkedin","9":"first","10":"instock","11":"downloadable","12":"virtual","13":"purchasable","14":"product-type-simple"},"aioseo_notices":[],"_links":{"self":[{"href":"https:\/\/incommer.com\/et\/wp-json\/wp\/v2\/product\/1254","targetHints":{"allow":["GET"]}}],"collection":[{"href":"https:\/\/incommer.com\/et\/wp-json\/wp\/v2\/product"}],"about":[{"href":"https:\/\/incommer.com\/et\/wp-json\/wp\/v2\/types\/product"}],"replies":[{"embeddable":true,"href":"https:\/\/incommer.com\/et\/wp-json\/wp\/v2\/comments?post=1254"}],"wp:featuredmedia":[{"embeddable":true,"href":"https:\/\/incommer.com\/et\/wp-json\/wp\/v2\/media\/1255"}],"wp:attachment":[{"href":"https:\/\/incommer.com\/et\/wp-json\/wp\/v2\/media?parent=1254"}],"wp:term":[{"taxonomy":"product_brand","embeddable":true,"href":"https:\/\/incommer.com\/et\/wp-json\/wp\/v2\/product_brand?post=1254"},{"taxonomy":"product_cat","embeddable":true,"href":"https:\/\/incommer.com\/et\/wp-json\/wp\/v2\/product_cat?post=1254"},{"taxonomy":"product_tag","embeddable":true,"href":"https:\/\/incommer.com\/et\/wp-json\/wp\/v2\/product_tag?post=1254"}],"curies":[{"name":"wp","href":"https:\/\/api.w.org\/{rel}","templated":true}]}}