{"id":1249,"date":"2025-09-12T10:13:04","date_gmt":"2025-09-12T10:13:04","guid":{"rendered":"https:\/\/incommer.com\/product\/linkedin-vision-launchpad-kaivitamine-ja-kasvatamine\/"},"modified":"2025-12-14T13:17:13","modified_gmt":"2025-12-14T13:17:13","slug":"linkedin-vision-launchpad-kaivitamine-ja-kasvatamine","status":"publish","type":"product","link":"https:\/\/incommer.com\/et\/toode\/linkedin-vision-launchpad-kaivitamine-ja-kasvatamine\/","title":{"rendered":"LinkedIn Vision Launchpad \u2014 K\u00e4ivitamine ja kasvatamine"},"content":{"rendered":"<p>Teenuse sisu:<br \/>Profiili ja v\u00f5rgustiku strateegiline audit.<br \/>\nUlatusliku turundusstrateegia koostamine.<br \/>\nSisukava 1\u20133 kuuks (tekst, juhtumiuuringud, karussellid, videod).<br \/>\nV\u00f5rgustiku kasvatamise s\u00fcsteem ja kontaktide strateegia.<br \/>\nT\u00f6\u00f6riistade seadistus (Sales Navigator, anal\u00fc\u00fctika).<br \/>\nKampaania k\u00e4ivitamine ja optimeerimine.<\/p>\n<p>T\u00f6\u00f6vorm:<br \/>Diagnostika ja audit.<br \/>\nStrateegia arendamine.<br \/>\nSisu ja kommunikatsioon.<br \/>\nKampaania k\u00e4ivitamine.<br \/>\nAnal\u00fc\u00fcs ja kasvatamine.<\/p>\n<p>P\u00f5hipakett (grupis): 250 \u20ac<br \/>\nStandard (grupp + tagasiside): 350 \u20ac<br \/>\nPremium (individuaalne tugi): 650 \u20ac<\/p>\n","protected":false},"excerpt":{"rendered":"<p><span style=\"font-weight: 400;\">LinkedIni strateegia k\u00e4ivitamine ja kasvatamine. <\/span>Esimestest sammudest kestliku kasvus\u00fcsteemini<\/p>\n","protected":false},"featured_media":1250,"comment_status":"closed","ping_status":"closed","template":"","meta":[],"product_brand":[],"product_cat":[41],"product_tag":[42],"class_list":{"0":"post-1249","1":"product","2":"type-product","3":"status-publish","4":"has-post-thumbnail","6":"product_cat-veebipood","7":"product_tag-linkedin","9":"first","10":"instock","11":"shipping-taxable","12":"purchasable","13":"product-type-variable","14":"has-default-attributes"},"aioseo_notices":[],"_links":{"self":[{"href":"https:\/\/incommer.com\/et\/wp-json\/wp\/v2\/product\/1249","targetHints":{"allow":["GET"]}}],"collection":[{"href":"https:\/\/incommer.com\/et\/wp-json\/wp\/v2\/product"}],"about":[{"href":"https:\/\/incommer.com\/et\/wp-json\/wp\/v2\/types\/product"}],"replies":[{"embeddable":true,"href":"https:\/\/incommer.com\/et\/wp-json\/wp\/v2\/comments?post=1249"}],"wp:featuredmedia":[{"embeddable":true,"href":"https:\/\/incommer.com\/et\/wp-json\/wp\/v2\/media\/1250"}],"wp:attachment":[{"href":"https:\/\/incommer.com\/et\/wp-json\/wp\/v2\/media?parent=1249"}],"wp:term":[{"taxonomy":"product_brand","embeddable":true,"href":"https:\/\/incommer.com\/et\/wp-json\/wp\/v2\/product_brand?post=1249"},{"taxonomy":"product_cat","embeddable":true,"href":"https:\/\/incommer.com\/et\/wp-json\/wp\/v2\/product_cat?post=1249"},{"taxonomy":"product_tag","embeddable":true,"href":"https:\/\/incommer.com\/et\/wp-json\/wp\/v2\/product_tag?post=1249"}],"curies":[{"name":"wp","href":"https:\/\/api.w.org\/{rel}","templated":true}]}}