{"id":1237,"date":"2025-09-12T04:59:02","date_gmt":"2025-09-12T04:59:02","guid":{"rendered":"https:\/\/incommer.com\/product\/linkedin-ascend-%d0%b0%d1%83%d0%b4%d0%b8%d1%82-%d0%bf%d1%80%d0%be%d1%84%d0%b8%d0%bb%d1%8f-11-%d0%b8%d0%bd%d0%b4%d0%b8%d0%b2%d0%b8%d0%b4%d1%83%d0%b0%d0%bb%d1%8c%d0%bd%d1%8b%d0%b9-%d0%bf%d0%bb\/"},"modified":"2025-09-25T15:25:49","modified_gmt":"2025-09-25T15:25:49","slug":"linkedin-ascend-%d0%b0%d1%83%d0%b4%d0%b8%d1%82-%d0%bf%d1%80%d0%be%d1%84%d0%b8%d0%bb%d1%8f-11-%d0%b8%d0%bd%d0%b4%d0%b8%d0%b2%d0%b8%d0%b4%d1%83%d0%b0%d0%bb%d1%8c%d0%bd%d1%8b%d0%b9-%d0%bf%d0%bb","status":"publish","type":"product","link":"https:\/\/incommer.com\/et\/toode\/linkedin-ascend-%d0%b0%d1%83%d0%b4%d0%b8%d1%82-%d0%bf%d1%80%d0%be%d1%84%d0%b8%d0%bb%d1%8f-11-%d0%b8%d0%bd%d0%b4%d0%b8%d0%b2%d0%b8%d0%b4%d1%83%d0%b0%d0%bb%d1%8c%d0%bd%d1%8b%d0%b9-%d0%bf%d0%bb\/","title":{"rendered":"LinkedIn Ascend \u2014 1:1 profiilianal\u00fc\u00fcs + personaalne tegevusplaan"},"content":{"rendered":"<p>Teenuse sisu:<br \/>Personaalne LinkedIn profiilianal\u00fc\u00fcs (v\u00f5i profiili loomine nullist).<br \/>\nIndividuaalne tegevusplaan: positsioneerimine, sisu, v\u00f5rgustiku loomine.<br \/>\nSoovitused profiili visuaali ja struktuuri kohta.<br \/>\nN\u00f5uanded konto seadistamiseks nii spetsialistidele kui ettev\u00f5tetele.<\/p>\n<p>T\u00f6\u00f6vorm:<br \/>Ettevalmistus \u2013 online-k\u00fcsimustik.<br \/>\nProfiilianal\u00fc\u00fcs.<br \/>\n1:1 konsultatsioon (90 minutit).<br \/>\nTegevusplaan 4\u20136 n\u00e4dalaks.<br \/>\nJ\u00e4relkohtumine (valikuline).<\/p>\n<p>Individuaalne profiil: 300 \u20ac<br \/>\nEttev\u00f5tte profiil: 450 \u20ac<br \/>\nPakett (individuaalne + ettev\u00f5tte): 550 \u20ac<\/p>\n","protected":false},"excerpt":{"rendered":"<p>1:1 profiilianal\u00fc\u00fcs + personaalne tegevusplaan<\/p>\n","protected":false},"featured_media":1238,"comment_status":"closed","ping_status":"closed","template":"","meta":[],"product_brand":[],"product_cat":[41],"product_tag":[42],"class_list":{"0":"post-1237","1":"product","2":"type-product","3":"status-publish","4":"has-post-thumbnail","6":"product_cat-veebipood","7":"product_tag-linkedin","9":"first","10":"instock","11":"shipping-taxable","12":"purchasable","13":"product-type-variable","14":"has-default-attributes"},"aioseo_notices":[],"_links":{"self":[{"href":"https:\/\/incommer.com\/et\/wp-json\/wp\/v2\/product\/1237","targetHints":{"allow":["GET"]}}],"collection":[{"href":"https:\/\/incommer.com\/et\/wp-json\/wp\/v2\/product"}],"about":[{"href":"https:\/\/incommer.com\/et\/wp-json\/wp\/v2\/types\/product"}],"replies":[{"embeddable":true,"href":"https:\/\/incommer.com\/et\/wp-json\/wp\/v2\/comments?post=1237"}],"wp:featuredmedia":[{"embeddable":true,"href":"https:\/\/incommer.com\/et\/wp-json\/wp\/v2\/media\/1238"}],"wp:attachment":[{"href":"https:\/\/incommer.com\/et\/wp-json\/wp\/v2\/media?parent=1237"}],"wp:term":[{"taxonomy":"product_brand","embeddable":true,"href":"https:\/\/incommer.com\/et\/wp-json\/wp\/v2\/product_brand?post=1237"},{"taxonomy":"product_cat","embeddable":true,"href":"https:\/\/incommer.com\/et\/wp-json\/wp\/v2\/product_cat?post=1237"},{"taxonomy":"product_tag","embeddable":true,"href":"https:\/\/incommer.com\/et\/wp-json\/wp\/v2\/product_tag?post=1237"}],"curies":[{"name":"wp","href":"https:\/\/api.w.org\/{rel}","templated":true}]}}