{"id":1300,"date":"2025-09-18T16:03:40","date_gmt":"2025-09-18T16:03:40","guid":{"rendered":"https:\/\/incommer.com\/koostoomemorandum\/"},"modified":"2025-09-25T15:34:01","modified_gmt":"2025-09-25T15:34:01","slug":"koostoomemorandum","status":"publish","type":"page","link":"https:\/\/incommer.com\/et\/koostoomemorandum\/","title":{"rendered":"Koost\u00f6\u00f6memorandum"},"content":{"rendered":"\n<div class=\"wp-block-group has-foreground-alt-color has-tertiary-background-color has-text-color has-background has-link-color wp-elements-083aa4616d7d3fa481365a71343bcef9 is-vertical is-layout-flex wp-container-core-group-is-layout-1962b265 wp-block-group-is-layout-flex\" style=\"padding-right:var(--wp--preset--spacing--40);padding-left:var(--wp--preset--spacing--40)\">\n<div style=\"height:0px\" aria-hidden=\"true\" class=\"wp-block-spacer wp-container-content-6388d5dc\"><\/div>\n\n\n\n<h2 class=\"wp-block-heading has-large-font-size\" style=\"font-style:normal;font-weight:500\"><strong>Koost\u00f6\u00f6memorandum (Memorandum of Cooperation \/ MoU<\/strong>)<strong> <\/strong><\/h2>\n\n\n\n<p><strong>Tallinn, Eesti<\/strong><strong><br \/><\/strong> <strong>Kuup\u00e4ev: \u2026.\u2026..2025<\/strong><\/p>\n\n\n\n<p class=\"has-inter-font-family has-medium-font-size\" style=\"font-style:normal;font-weight:400\">K\u00e4esolev koost\u00f6\u00f6memorandom (edaspidi \u201eMemorandum&#8221;) on s\u00f5lmitud vastastikuse m\u00f5istmise saavutamiseks ja partnerlussuhete arendamiseks j\u00e4rgmiste poolte vahel:<\/p>\n\n\n\n<p class=\"has-inter-font-family has-medium-font-size\" style=\"font-style:normal;font-weight:400\"><strong>1.<\/strong> O\u00dc <strong>Amps Income<\/strong>, registreeritud Tallinnas, Eestis, volitatud esindaja n\u00e4ol, kes tegutseb p\u00f5hikirja alusel, edaspidi nimetatud <strong>\u201eO\u00dc Amps Income&#8221;<\/strong>,<\/p>\n\n\n\n<p class=\"has-inter-font-family has-medium-font-size\" style=\"font-style:normal;font-weight:400\">ja<\/p>\n\n\n\n<p class=\"has-inter-font-family has-medium-font-size\" style=\"font-style:normal;font-weight:400\"><strong>2.<\/strong> <strong>[Partnerorganisatsiooni nimi]<\/strong>, registreeritud [riik], volitatud esindaja n\u00e4ol, edaspidi nimetatud <strong>\u201ePartner&#8221;<\/strong>.<\/p>\n\n\n\n<h3 class=\"wp-block-heading has-inter-font-family has-medium-font-size\" style=\"font-style:normal;font-weight:400\"><strong>PREAMBUL<\/strong><\/h3>\n\n\n\n<h3 class=\"wp-block-heading has-inter-font-family has-medium-font-size\" style=\"font-style:normal;font-weight:400;line-height:1.5\">K\u00e4esolev leping on s\u00f5lmitud kahe poole vahel &#8211; ettev\u00f5tte, mis osutab raamatupidamis- ja maksukonsulatsiooniteenuseid ning graafilise disaini teenuseid, ja organisatsiooni vahel, mis spetsialiseerub t\u00e4iskasvanute digioskuste arendamisele haridus- ja tugiprogrammide raames.<\/h3>\n\n\n\n<h3 class=\"wp-block-heading has-inter-font-family has-medium-font-size\" style=\"font-style:normal;font-weight:400;line-height:1.5\">Pooled, tunnistades digitaliseerimise, professionaalse kasvu ja j\u00e4tkusuutliku arengu t\u00e4htsust, v\u00e4ljendavad valmisolekut \u00fchendada j\u00f5ud terviklike lahenduste loomiseks ja edendamiseks, mis \u00fchendavad finantsteadlikkust, loovust ja digioskusi. Koost\u00f6\u00f6 aluseks on vastastikune kasu, iga poole professionaalse ekspertiisi austamine ning haridus- ja konsultatsiooniv\u00f5imaluste laiendamise taotlus laiema sihtr\u00fchma jaoks.  <\/h3>\n\n\n\n<h3 class=\"wp-block-heading has-inter-font-family has-medium-font-size\" style=\"font-style:normal;font-weight:400\"><strong>KOOST\u00d6\u00d6 EESM\u00c4RGID<\/strong><\/h3>\n\n\n\n<h3 class=\"wp-block-heading has-inter-font-family has-medium-font-size\" style=\"font-style:normal;font-weight:400\">Pooled leppisid kokku partnerluse arendamises j\u00e4rgmistes suundades:<\/h3>\n\n\n\n<ul style=\"font-style:normal;font-weight:400\" class=\"wp-block-list has-inter-font-family has-medium-font-size\">\n<li>\u00dchiste haridusprogrammide loomine ja elluviimine, mis \u00fchendavad raamatupidamise elemente;<\/li>\n\n\n\n<li>\u00dchiste seminaride, veebiseminaride, meistriklasside ja kursuste korraldamine erinevatele sihtr\u00fchmadele (t\u00e4iskasvanud, ettev\u00f5tjad, MT\u00dcd, noored jne);<\/li>\n\n\n\n<li>Informatiivsete ja hariduslike materjalide v\u00e4ljat\u00f6\u00f6tamine visuaalsete ja digitaalsete lahenduste abil;<\/li>\n<\/ul>\n\n\n\n<ul style=\"font-style:normal;font-weight:400\" class=\"wp-block-list has-inter-font-family has-medium-font-size\">\n<li>Digitaalse kirjaoskuse ja ettev\u00f5tliku m\u00f5tlemise edendamine elanikkonna seas;<\/li>\n\n\n\n<li>Spetsialistide vahelise teabe ja ressursside jagamine m\u00f5lemas organisatsioonis;<\/li>\n\n\n\n<li>\u00dchine kaubam\u00e4rkide ja teenuste edendamine.<\/li>\n\n\n\n<li>Kaubam\u00e4rkide ja teenuste \u00fchine edendamine.<\/li>\n<\/ul>\n\n\n\n<h3 class=\"wp-block-heading has-inter-font-family has-medium-font-size\" style=\"font-style:normal;font-weight:400\"><strong>POOLTE KOHUSTUSED<\/strong><\/h3>\n\n\n\n<p class=\"has-inter-font-family has-medium-font-size\" style=\"font-style:normal;font-weight:400\"><strong>Pooled on kokku leppinud partnerluse arendamises j\u00e4rgmistes valdkondades:<\/strong><\/p>\n\n\n\n<ul style=\"font-style:normal;font-weight:400\" class=\"wp-block-list has-inter-font-family has-medium-font-size\">\n<li>O\u00dc Amps Income kohustub: <\/li>\n\n\n\n<li>edastama Partnerile ajakohast teavet oma haridus-, konsultatsiooni- ja digialgatuste, k\u00e4ttesaadavate teenuste ja v\u00f5imaluste kohta;<\/li>\n\n\n\n<li>teavitama Partnerit oma v\u00f5tmes\u00fcndmustest, nagu n\u00e4itused, koolitusprogrammid, rahvusvahelised projektid ja v\u00f5rgustiku\u00fcritused;<\/li>\n<\/ul>\n\n\n\n<p class=\"has-inter-font-family has-medium-font-size\" style=\"font-style:normal;font-weight:400\"><strong>aitama kaasa Partneri teenuste edendamisele;<\/strong><\/p>\n\n\n\n<ul style=\"font-style:normal;font-weight:400\" class=\"wp-block-list has-inter-font-family has-medium-font-size\">\n<li>Partner kohustub:<\/li>\n\n\n\n<li>aktiivselt osalema \u00fchiste \u00fcrituste, seminaride, veebiseminaride, meistriklasside ja kursuste ettevalmistamisel ja elluviimisel;<\/li>\n\n\n\n<li>j\u00e4rgima vastastikuse austuse, konfidentsiaalsuse ja \u00e4rilise maine s\u00e4ilitamise p\u00f5him\u00f5tteid;<\/li>\n\n\n\n<li>\u00f5igeaegselt esitama vajaliku teabe, aruandluse ja tagasiside \u00fchiste projektide raames.<\/li>\n<\/ul>\n\n\n\n<h3 class=\"wp-block-heading has-inter-font-family has-medium-font-size\" style=\"font-style:normal;font-weight:400\"><strong>KEHTIVUSAEG<\/strong><\/h3>\n\n\n\n<p class=\"has-inter-font-family has-medium-font-size\" style=\"font-style:normal;font-weight:400\">Memorandum j\u00f5ustub m\u00f5lema poole allkirjastamise kuup\u00e4evast ja kehtib <strong>\u00fcks aasta<\/strong>. <\/p>\n\n\n\n<h3 class=\"wp-block-heading has-inter-font-family has-medium-font-size\" style=\"font-style:normal;font-weight:400\"><strong>Pooled p\u00fc\u00fcavad lahendada k\u00f5ik tekkivad lahkarvamused l\u00e4bir\u00e4\u00e4kimiste teel. Kui see ei \u00f5nnestu, lahendatakse vaidlus vastavalt kehtivatele Eesti seadustele.<\/strong><\/h3>\n\n\n\n<p class=\"has-inter-font-family has-medium-font-size\" style=\"font-style:normal;font-weight:400\">L\u00d5PPS\u00c4TTED <\/p>\n\n\n\n<h3 class=\"wp-block-heading has-inter-font-family has-medium-font-size\" style=\"font-style:normal;font-weight:400\"><strong>K\u00f5ik kokkulepped on kehtivad ainult juhul, kui need on kirjalikult vormistatud ja m\u00f5lema poole poolt allkirjastatud.<\/strong><\/h3>\n\n\n\n<p class=\"has-inter-font-family has-medium-font-size\" style=\"font-style:normal;font-weight:400\">POOLTE ALLKIRJAD: <\/p>\n\n\n\n<h3 class=\"wp-block-heading has-inter-font-family has-medium-font-size\" style=\"font-style:normal;font-weight:400\"><strong> (Reg.nr 17242977)<\/strong><\/h3>\n\n\n\n<ul style=\"font-style:normal;font-weight:400\" class=\"wp-block-list has-inter-font-family has-medium-font-size\">\n<li> (Tallinn, Eesti)<\/li>\n\n\n\n<li>Esindaja: ___________________________<br \/>Ametikoht: _______________________________<br \/>Allkiri: ____________________________<br \/>Kuup\u00e4ev: ____.2025___________________________<\/li>\n<\/ul>\n\n\n\n<p class=\"has-inter-font-family has-medium-font-size\" style=\"font-style:normal;font-weight:400\"><strong>2. [Partnerettev\u00f5tte nimi], registreeritud [linna nimi], [riik], volitatud esindaja isikus, kes tegutseb p\u00f5hikirja alusel, edaspidi nimetatud \u201ePartner\u201c.<\/strong><\/p>\n\n\n\n<p class=\"has-inter-font-family has-medium-font-size\" style=\"font-style:normal;font-weight:400\"><strong>EESS\u00d5NA<\/strong><\/p>\n\n\n\n<p class=\"has-inter-font-family has-medium-font-size\" style=\"font-style:normal;font-weight:400\"> Pooled tunnistavad digitaliseerimise, professionaalse arengu ja j\u00e4tkusuutliku arengu t\u00e4htsust ning v\u00e4ljendavad valmisolekut \u00fchendada j\u00f5ud, et luua ja edendada terviklahendusi, mis \u00fchendavad finantskirjaoskuse, hariduse ja konsultatsiooniv\u00f5imaluste laiendamise laiemale publikule.<\/p>\n\n\n\n<p class=\"has-inter-font-family has-medium-font-size\" style=\"font-style:normal;font-weight:400\"><br \/>Esindaja: __________Ljudmila Ojavere_________________<br \/>Ametikoht: ____juhatuse liige___________________________<br \/>Allkiri: _____digitaalne allkiri ____________________________<br \/>Kuup\u00e4ev: ____.2025________________________________<\/p>\n\n\n\n<p class=\"has-inter-font-family has-medium-font-size\" style=\"font-style:normal;font-weight:400\"><strong>\u2026\u2026\u2026\u2026\u2026\u2026\u2026\u2026 (Reg.number)<\/strong><strong><br \/><\/strong> (Tallinn, Eesti)<\/p>\n\n\n\n<p class=\"has-inter-font-family has-medium-font-size\" style=\"font-style:normal;font-weight:400\"><br \/>Esindaja: ___________________________<br \/>Ametikoht: _______________________________<br \/>Allkiri: _________________________________<br \/>Kuup\u00e4ev: ____________________________________<\/p>\n\n\n\n<div style=\"height:0px\" aria-hidden=\"true\" class=\"wp-block-spacer wp-container-content-6388d5dc\"><\/div>\n<\/div>\n","protected":false},"excerpt":{"rendered":"<p>Koost\u00f6\u00f6memorandum (Memorandum of Cooperation \/ MoU) Tallinn, Eesti Kuup\u00e4ev: \u2026.\u2026..2025 K\u00e4esolev koost\u00f6\u00f6memorandom (edaspidi \u201eMemorandum&#8221;) on s\u00f5lmitud vastastikuse m\u00f5istmise saavutamiseks ja partnerlussuhete arendamiseks j\u00e4rgmiste poolte vahel: 1. O\u00dc Amps Income, registreeritud Tallinnas, Eestis, volitatud esindaja n\u00e4ol, kes tegutseb p\u00f5hikirja alusel, edaspidi nimetatud \u201eO\u00dc Amps Income&#8221;, ja 2. [Partnerorganisatsiooni nimi], registreeritud [riik], volitatud esindaja n\u00e4ol, edaspidi nimetatud [&hellip;]<\/p>\n","protected":false},"author":2,"featured_media":0,"parent":0,"menu_order":0,"comment_status":"closed","ping_status":"closed","template":"no-title","meta":{"footnotes":""},"class_list":["post-1300","page","type-page","status-publish","hentry"],"aioseo_notices":[],"_links":{"self":[{"href":"https:\/\/incommer.com\/et\/wp-json\/wp\/v2\/pages\/1300","targetHints":{"allow":["GET"]}}],"collection":[{"href":"https:\/\/incommer.com\/et\/wp-json\/wp\/v2\/pages"}],"about":[{"href":"https:\/\/incommer.com\/et\/wp-json\/wp\/v2\/types\/page"}],"author":[{"embeddable":true,"href":"https:\/\/incommer.com\/et\/wp-json\/wp\/v2\/users\/2"}],"replies":[{"embeddable":true,"href":"https:\/\/incommer.com\/et\/wp-json\/wp\/v2\/comments?post=1300"}],"version-history":[{"count":2,"href":"https:\/\/incommer.com\/et\/wp-json\/wp\/v2\/pages\/1300\/revisions"}],"predecessor-version":[{"id":1302,"href":"https:\/\/incommer.com\/et\/wp-json\/wp\/v2\/pages\/1300\/revisions\/1302"}],"wp:attachment":[{"href":"https:\/\/incommer.com\/et\/wp-json\/wp\/v2\/media?parent=1300"}],"curies":[{"name":"wp","href":"https:\/\/api.w.org\/{rel}","templated":true}]}}