{"id":1065,"date":"2025-09-11T15:16:35","date_gmt":"2025-09-11T15:16:35","guid":{"rendered":"https:\/\/incommer.com\/ostukorv\/"},"modified":"2025-10-13T09:48:34","modified_gmt":"2025-10-13T09:48:34","slug":"ostukorv","status":"publish","type":"page","link":"https:\/\/incommer.com\/et\/ostukorv\/","title":{"rendered":"Ostukorv"},"content":{"rendered":"\n<div style=\"height:100px\" aria-hidden=\"true\" class=\"wp-block-spacer\"><\/div>\n\n<div data-block-name=\"woocommerce\/cart\" class=\"wp-block-woocommerce-cart alignwide is-loading\">\n<div data-block-name=\"woocommerce\/filled-cart-block\" class=\"wp-block-woocommerce-filled-cart-block\">\n<div data-block-name=\"woocommerce\/cart-items-block\" class=\"wp-block-woocommerce-cart-items-block\">\n<div data-block-name=\"woocommerce\/cart-line-items-block\" class=\"wp-block-woocommerce-cart-line-items-block\"><\/div>\n\n\n\n<div data-block-name=\"woocommerce\/cart-cross-sells-block\" class=\"wp-block-woocommerce-cart-cross-sells-block\">\n<h2 class=\"wp-block-heading\" style=\"font-size:clamp(15.747px, 0.984rem + ((1vw - 3.2px) * 0.86), 24px);\">V\u00f5ib huvi pakkuda<\/h2>\n\n\n\n<div data-block-name=\"woocommerce\/cart-cross-sells-products-block\" class=\"wp-block-woocommerce-cart-cross-sells-products-block\"><\/div>\n<\/div>\n<\/div>\n\n\n\n<div data-block-name=\"woocommerce\/cart-totals-block\" class=\"wp-block-woocommerce-cart-totals-block\">\n<div data-block-name=\"woocommerce\/cart-order-summary-block\" class=\"wp-block-woocommerce-cart-order-summary-block\">\n<div data-block-name=\"woocommerce\/cart-order-summary-heading-block\" data-content=\"Tellimuse kogusumma\" class=\"wp-block-woocommerce-cart-order-summary-heading-block\"><\/div>\n\n\n\n<div data-block-name=\"woocommerce\/cart-order-summary-coupon-form-block\" class=\"wp-block-woocommerce-cart-order-summary-coupon-form-block\"><\/div>\n\n\n\n<div data-block-name=\"woocommerce\/cart-order-summary-totals-block\" class=\"wp-block-woocommerce-cart-order-summary-totals-block\">\n<div data-block-name=\"woocommerce\/cart-order-summary-subtotal-block\" class=\"wp-block-woocommerce-cart-order-summary-subtotal-block\"><\/div>\n\n\n\n<div data-block-name=\"woocommerce\/cart-order-summary-fee-block\" class=\"wp-block-woocommerce-cart-order-summary-fee-block\"><\/div>\n\n\n\n<div data-block-name=\"woocommerce\/cart-order-summary-discount-block\" class=\"wp-block-woocommerce-cart-order-summary-discount-block\"><\/div>\n\n\n\n<div data-block-name=\"woocommerce\/cart-order-summary-shipping-block\" class=\"wp-block-woocommerce-cart-order-summary-shipping-block\"><\/div>\n\n\n\n<div data-block-name=\"woocommerce\/cart-order-summary-taxes-block\" class=\"wp-block-woocommerce-cart-order-summary-taxes-block\"><\/div>\n<\/div>\n<\/div>\n\n\n\n<div data-block-name=\"woocommerce\/cart-express-payment-block\" class=\"wp-block-woocommerce-cart-express-payment-block\"><\/div>\n\n\n\n<div data-block-name=\"woocommerce\/proceed-to-checkout-block\" class=\"wp-block-woocommerce-proceed-to-checkout-block\"><\/div>\n\n\n\n<div data-block-name=\"woocommerce\/cart-accepted-payment-methods-block\" class=\"wp-block-woocommerce-cart-accepted-payment-methods-block\"><\/div>\n<\/div>\n<\/div>\n\n\n\n<div data-block-name=\"woocommerce\/empty-cart-block\" class=\"wp-block-woocommerce-empty-cart-block\">\n<h2 class=\"wp-block-heading has-text-align-center with-empty-cart-icon wc-block-cart__empty-cart__title\">Teie ostukorv on hetkel t\u00fchi!<\/h2>\n\n\n\n<hr class=\"wp-block-separator has-alpha-channel-opacity is-style-dots\"\/>\n\n\n\n<h2 class=\"wp-block-heading has-text-align-center\">Uus veebipoes<\/h2>\n\n\n<div data-block-name=\"woocommerce\/product-new\" data-columns=\"4\" data-rows=\"1\" class=\"wc-block-grid wp-block-product-new wp-block-woocommerce-product-new wc-block-product-new has-4-columns\"><ul class=\"wc-block-grid__products\"><li class=\"wc-block-grid__product\">\n\t\t\t\t<a href=\"https:\/\/incommer.com\/et\/toode\/luksuslik-ekskursioon-arireisijatele-tallinnas\/\" class=\"wc-block-grid__product-link\">\n\t\t\t\t\t\n\t\t\t\t\t<div class=\"wc-block-grid__product-image\"><img loading=\"lazy\" decoding=\"async\" width=\"300\" height=\"300\" src=\"https:\/\/incommer.com\/wp-content\/uploads\/2025\/09\/ydpm04k3e9y-300x300.jpg\" class=\"attachment-woocommerce_thumbnail size-woocommerce_thumbnail\" alt=\"linna \u00f5hust tehtud foto \u00f6\u00f6sel\" srcset=\"https:\/\/incommer.com\/wp-content\/uploads\/2025\/09\/ydpm04k3e9y-300x300.jpg 300w, https:\/\/incommer.com\/wp-content\/uploads\/2025\/09\/ydpm04k3e9y-150x150.jpg 150w, https:\/\/incommer.com\/wp-content\/uploads\/2025\/09\/ydpm04k3e9y-100x100.jpg 100w\" sizes=\"auto, (max-width: 300px) 100vw, 300px\" \/><\/div>\n\t\t\t\t\t<div class=\"wc-block-grid__product-title\">Luksuslik ekskursioon \u00e4rireisijatele Tallinnas<\/div>\n\t\t\t\t<\/a>\n\t\t\t\t<div class=\"wc-block-grid__product-price price\"><span class=\"woocommerce-Price-amount amount\">320,00&nbsp;<span class=\"woocommerce-Price-currencySymbol\">&euro;<\/span><\/span><\/div>\n\t\t\t\t\n\t\t\t\t<div class=\"wp-block-button wc-block-grid__product-add-to-cart\"><a href=\"\/et\/wp-json\/wp\/v2\/pages\/1065?add-to-cart=1256\" aria-label=\"Add to cart: &ldquo;Luksuslik ekskursioon \u00e4rireisijatele Tallinnas&rdquo;\" data-quantity=\"1\" data-product_id=\"1256\" data-product_sku=\"ET-001\" data-price=\"320\" rel=\"nofollow\" class=\"wp-block-button__link wp-element-button add_to_cart_button ajax_add_to_cart\">Lisa korvi<\/a><\/div>\n\t\t\t<\/li><li class=\"wc-block-grid__product\">\n\t\t\t\t<a href=\"https:\/\/incommer.com\/et\/toode\/pohipakett-online\/\" class=\"wc-block-grid__product-link\">\n\t\t\t\t\t\n\t\t\t\t\t<div class=\"wc-block-grid__product-image\"><img loading=\"lazy\" decoding=\"async\" width=\"300\" height=\"300\" src=\"https:\/\/incommer.com\/wp-content\/uploads\/2025\/09\/69kyxke8rdy-300x300.jpg\" class=\"attachment-woocommerce_thumbnail size-woocommerce_thumbnail\" alt=\"naine istub laua taga s\u00fclearvutiga\" srcset=\"https:\/\/incommer.com\/wp-content\/uploads\/2025\/09\/69kyxke8rdy-300x300.jpg 300w, https:\/\/incommer.com\/wp-content\/uploads\/2025\/09\/69kyxke8rdy-150x150.jpg 150w, https:\/\/incommer.com\/wp-content\/uploads\/2025\/09\/69kyxke8rdy-100x100.jpg 100w\" sizes=\"auto, (max-width: 300px) 100vw, 300px\" \/><\/div>\n\t\t\t\t\t<div class=\"wc-block-grid__product-title\">P\u00f5hipakett online<\/div>\n\t\t\t\t<\/a>\n\t\t\t\t<div class=\"wc-block-grid__product-price price\"><span class=\"woocommerce-Price-amount amount\">100,00&nbsp;<span class=\"woocommerce-Price-currencySymbol\">&euro;<\/span><\/span><\/div>\n\t\t\t\t\n\t\t\t\t<div class=\"wp-block-button wc-block-grid__product-add-to-cart\"><a href=\"\/et\/wp-json\/wp\/v2\/pages\/1065?add-to-cart=1254\" aria-label=\"Add to cart: &ldquo;P\u00f5hipakett online&rdquo;\" data-quantity=\"1\" data-product_id=\"1254\" data-product_sku=\"BOC-001\" data-price=\"100\" rel=\"nofollow\" class=\"wp-block-button__link wp-element-button add_to_cart_button ajax_add_to_cart\">Lisa korvi<\/a><\/div>\n\t\t\t<\/li><li class=\"wc-block-grid__product\">\n\t\t\t\t<a href=\"https:\/\/incommer.com\/et\/toode\/linkedin-vision-launchpad-kaivitamine-ja-kasvatamine\/\" class=\"wc-block-grid__product-link\">\n\t\t\t\t\t\n\t\t\t\t\t<div class=\"wc-block-grid__product-image\"><img loading=\"lazy\" decoding=\"async\" width=\"300\" height=\"300\" src=\"https:\/\/incommer.com\/wp-content\/uploads\/2025\/09\/phyq704ffda-1-300x300.jpg\" class=\"attachment-woocommerce_thumbnail size-woocommerce_thumbnail\" alt=\"Linna k\u00f5rghoonete madala nurga alt tehtud foto p\u00e4evasel ajal\" srcset=\"https:\/\/incommer.com\/wp-content\/uploads\/2025\/09\/phyq704ffda-1-300x300.jpg 300w, https:\/\/incommer.com\/wp-content\/uploads\/2025\/09\/phyq704ffda-1-150x150.jpg 150w, https:\/\/incommer.com\/wp-content\/uploads\/2025\/09\/phyq704ffda-1-100x100.jpg 100w\" sizes=\"auto, (max-width: 300px) 100vw, 300px\" \/><\/div>\n\t\t\t\t\t<div class=\"wc-block-grid__product-title\">LinkedIn Vision Launchpad \u2014 K\u00e4ivitamine ja kasvatamine<\/div>\n\t\t\t\t<\/a>\n\t\t\t\t<div class=\"wc-block-grid__product-price price\"><span class=\"woocommerce-Price-amount amount\" aria-hidden=\"true\">250,00&nbsp;<span class=\"woocommerce-Price-currencySymbol\">&euro;<\/span><\/span> <span aria-hidden=\"true\">\u2013<\/span> <span class=\"woocommerce-Price-amount amount\" aria-hidden=\"true\">650,00&nbsp;<span class=\"woocommerce-Price-currencySymbol\">&euro;<\/span><\/span><span class=\"screen-reader-text\">Price range: 250,00&nbsp;&euro; through 650,00&nbsp;&euro;<\/span><\/div>\n\t\t\t\t\n\t\t\t\t<div class=\"wp-block-button wc-block-grid__product-add-to-cart\"><a href=\"https:\/\/incommer.com\/et\/toode\/linkedin-vision-launchpad-kaivitamine-ja-kasvatamine\/\" aria-label=\"Vali tootele &ldquo;LinkedIn Vision Launchpad \u2014 K\u00e4ivitamine ja kasvatamine&rdquo; omadused\" data-quantity=\"1\" data-product_id=\"1249\" data-product_sku=\"LVL-001\" data-price=\"250\" rel=\"nofollow\" class=\"wp-block-button__link wp-element-button add_to_cart_button\">Vali<\/a><\/div>\n\t\t\t<\/li><li class=\"wc-block-grid__product\">\n\t\t\t\t<a href=\"https:\/\/incommer.com\/et\/toode\/linkedin-dealflow-kohtumised-tehingute-solmimiseks\/\" class=\"wc-block-grid__product-link\">\n\t\t\t\t\t\n\t\t\t\t\t<div class=\"wc-block-grid__product-image\"><img loading=\"lazy\" decoding=\"async\" width=\"300\" height=\"300\" src=\"https:\/\/incommer.com\/wp-content\/uploads\/2025\/09\/5u_28ojjgms-300x300.jpg\" class=\"attachment-woocommerce_thumbnail size-woocommerce_thumbnail\" alt=\"inimesed istuvad toolide peal laua taga\" srcset=\"https:\/\/incommer.com\/wp-content\/uploads\/2025\/09\/5u_28ojjgms-300x300.jpg 300w, https:\/\/incommer.com\/wp-content\/uploads\/2025\/09\/5u_28ojjgms-150x150.jpg 150w, https:\/\/incommer.com\/wp-content\/uploads\/2025\/09\/5u_28ojjgms-100x100.jpg 100w\" sizes=\"auto, (max-width: 300px) 100vw, 300px\" \/><\/div>\n\t\t\t\t\t<div class=\"wc-block-grid__product-title\">LinkedIn DealFlow \u2014 Kohtumised tehingute s\u00f5lmimiseks<\/div>\n\t\t\t\t<\/a>\n\t\t\t\t<div class=\"wc-block-grid__product-price price\"><span class=\"woocommerce-Price-amount amount\" aria-hidden=\"true\">650,00&nbsp;<span class=\"woocommerce-Price-currencySymbol\">&euro;<\/span><\/span> <span aria-hidden=\"true\">\u2013<\/span> <span class=\"woocommerce-Price-amount amount\" aria-hidden=\"true\">1 500,00&nbsp;<span class=\"woocommerce-Price-currencySymbol\">&euro;<\/span><\/span><span class=\"screen-reader-text\">Price range: 650,00&nbsp;&euro; through 1 500,00&nbsp;&euro;<\/span><\/div>\n\t\t\t\t\n\t\t\t\t<div class=\"wp-block-button wc-block-grid__product-add-to-cart\"><a href=\"https:\/\/incommer.com\/et\/toode\/linkedin-dealflow-kohtumised-tehingute-solmimiseks\/\" aria-label=\"Vali tootele &ldquo;LinkedIn DealFlow \u2014 Kohtumised tehingute s\u00f5lmimiseks&rdquo; omadused\" data-quantity=\"1\" data-product_id=\"1243\" data-product_sku=\"LDF-001\" data-price=\"650\" rel=\"nofollow\" class=\"wp-block-button__link wp-element-button add_to_cart_button\">Vali<\/a><\/div>\n\t\t\t<\/li><\/ul><\/div><\/div>\n<\/div>\n\n<div style=\"height:100px\" aria-hidden=\"true\" class=\"wp-block-spacer\"><\/div>\n","protected":false},"excerpt":{"rendered":"","protected":false},"author":1,"featured_media":0,"parent":0,"menu_order":0,"comment_status":"closed","ping_status":"closed","template":"page-with-title","meta":{"footnotes":""},"class_list":["post-1065","page","type-page","status-publish","hentry"],"aioseo_notices":[],"_links":{"self":[{"href":"https:\/\/incommer.com\/et\/wp-json\/wp\/v2\/pages\/1065","targetHints":{"allow":["GET"]}}],"collection":[{"href":"https:\/\/incommer.com\/et\/wp-json\/wp\/v2\/pages"}],"about":[{"href":"https:\/\/incommer.com\/et\/wp-json\/wp\/v2\/types\/page"}],"author":[{"embeddable":true,"href":"https:\/\/incommer.com\/et\/wp-json\/wp\/v2\/users\/1"}],"replies":[{"embeddable":true,"href":"https:\/\/incommer.com\/et\/wp-json\/wp\/v2\/comments?post=1065"}],"version-history":[{"count":6,"href":"https:\/\/incommer.com\/et\/wp-json\/wp\/v2\/pages\/1065\/revisions"}],"predecessor-version":[{"id":1350,"href":"https:\/\/incommer.com\/et\/wp-json\/wp\/v2\/pages\/1065\/revisions\/1350"}],"wp:attachment":[{"href":"https:\/\/incommer.com\/et\/wp-json\/wp\/v2\/media?parent=1065"}],"curies":[{"name":"wp","href":"https:\/\/api.w.org\/{rel}","templated":true}]}}