{"id":1567,"date":"2025-09-18T16:03:40","date_gmt":"2025-09-18T16:03:40","guid":{"rendered":"https:\/\/incommer.com\/kooperationsmemorandum\/"},"modified":"2026-02-27T09:10:33","modified_gmt":"2026-02-27T09:10:33","slug":"kooperationsmemorandum","status":"publish","type":"page","link":"https:\/\/incommer.com\/de\/kooperationsmemorandum\/","title":{"rendered":"Kooperationsmemorandum"},"content":{"rendered":"\n<div class=\"wp-block-group has-foreground-alt-color has-tertiary-background-color has-text-color has-background has-link-color wp-elements-34837a667158724aeea122dc900027fe is-vertical is-layout-flex wp-container-core-group-is-layout-1962b265 wp-block-group-is-layout-flex\" style=\"padding-right:var(--wp--preset--spacing--40);padding-left:var(--wp--preset--spacing--40)\">\n<div style=\"height:0px\" aria-hidden=\"true\" class=\"wp-block-spacer wp-container-content-6388d5dc\"><\/div>\n\n\n\n<h2 class=\"wp-block-heading has-large-font-size\" style=\"font-style:normal;font-weight:500\"><strong>Kooperationsmemorandum (Memorandum of Understanding \/ MoU)<\/strong><strong> <\/strong><\/h2>\n\n\n\n<p><strong>Tallinn, Estland<\/strong><br\/> <strong>Datum<\/strong>: <strong>\u2026.\u2026..2025<\/strong><\/p>\n\n\n\n<p class=\"has-inter-font-family has-medium-font-size\" style=\"font-style:normal;font-weight:400\">Dieses Kooperationsmemorandum (im Folgenden \u201eMemorandum\u201c genannt) wird zum Zwecke der Festlegung eines gegenseitigen Verst\u00e4ndnisses und der Entwicklung von Partnerschaften zwischen den folgenden Parteien geschlossen:<\/p>\n\n\n\n<p class=\"has-inter-font-family has-medium-font-size\" style=\"font-style:normal;font-weight:400\"><strong>1.<\/strong> O\u00dc <strong>Amps Income<\/strong>, eingetragen in Tallinn, Estland, vertreten durch einen bevollm\u00e4chtigten Vertreter, handelnd gem\u00e4\u00df der Satzung, im Folgenden <strong>\u201eO\u00dc Amps Income\u201c<\/strong> genannt,<\/p>\n\n\n\n<p class=\"has-inter-font-family has-medium-font-size\" style=\"font-style:normal;font-weight:400\">und<\/p>\n\n\n\n<p class=\"has-inter-font-family has-medium-font-size\" style=\"font-style:normal;font-weight:400\"><strong>2.<\/strong> <strong>[Name des Partnerunternehmens]<\/strong>, eingetragen in [Land], vertreten durch einen bevollm\u00e4chtigten Vertreter, im Folgenden <strong>\u201ePartner\u201c<\/strong> genannt.<\/p>\n\n\n\n<h3 class=\"wp-block-heading has-inter-font-family has-medium-font-size\" style=\"font-style:normal;font-weight:400\"><strong>PR\u00c4AMBEL<\/strong><\/h3>\n\n\n\n<h3 class=\"wp-block-heading has-inter-font-family has-medium-font-size\" style=\"font-style:normal;font-weight:400;line-height:1.5\">Diese Vereinbarung wird zwischen zwei Parteien geschlossen \u2013 einem Unternehmen, das Dienstleistungen in den Bereichen Buchhaltungs- und Steuerberatung sowie Grafikdesign anbietet, und einer Organisation, die sich auf die Entwicklung digitaler Kompetenzen bei Erwachsenen im Rahmen von Bildungs- und Unterst\u00fctzungsprogrammen spezialisiert hat.<\/h3>\n\n\n\n<h3 class=\"wp-block-heading has-inter-font-family has-medium-font-size\" style=\"font-style:normal;font-weight:400;line-height:1.5\">Die Parteien, die die Bedeutung von Digitalisierung, beruflichem Wachstum und nachhaltiger Entwicklung anerkennen, bekunden ihre Bereitschaft, ihre Kr\u00e4fte zu b\u00fcndeln, um umfassende L\u00f6sungen zu schaffen und zu f\u00f6rdern, die Finanzkompetenz, Kreativit\u00e4t und digitale Kompetenzen vereinen. Die Grundlage der Zusammenarbeit bilden der gegenseitige Nutzen, die Achtung der professionellen Expertise jeder Partei sowie das Bestreben, die Bildungs- und Beratungsangebote f\u00fcr ein breites Publikum zu erweitern.  <\/h3>\n\n\n\n<h3 class=\"wp-block-heading has-inter-font-family has-medium-font-size\" style=\"font-style:normal;font-weight:400\"><strong>ZIELE DER ZUSAMMENARBEIT<\/strong><\/h3>\n\n\n\n<h3 class=\"wp-block-heading has-inter-font-family has-medium-font-size\" style=\"font-style:normal;font-weight:400\">Die Parteien haben sich auf die Entwicklung einer Partnerschaft in den folgenden Bereichen geeinigt:<\/h3>\n\n\n\n<ul style=\"font-style:normal;font-weight:400\" class=\"wp-block-list has-inter-font-family has-medium-font-size\">\n<li>Entwicklung und Umsetzung gemeinsamer Bildungsprogramme, die Elemente der Buchhaltung, Steuerkompetenz, Grafikdesign und digitaler Tools vereinen;<\/li>\n\n\n\n<li>Organisation gemeinsamer Seminare, Webinare, Masterclasses und Kurse f\u00fcr verschiedene Zielgruppen (Erwachsene, Unternehmer, NPOs, Jugendliche u.a.);<\/li>\n\n\n\n<li>Entwicklung von Informations- und Schulungsmaterialien unter Einsatz visueller und digitaler L\u00f6sungen;<\/li>\n<\/ul>\n\n\n\n<ul style=\"font-style:normal;font-weight:400\" class=\"wp-block-list has-inter-font-family has-medium-font-size\">\n<li>F\u00f6rderung der digitalen Kompetenz und des unternehmerischen Denkens in der Bev\u00f6lkerung mit Fokus auf Zug\u00e4nglichkeit und Praxisorientierung;<\/li>\n\n\n\n<li>Austausch von Fachwissen und Ressourcen zwischen den Spezialisten beider Organisationen;<\/li>\n\n\n\n<li>Teilnahme an nationalen und internationalen Projekten, F\u00f6rderprogrammen und Partnerinitiativen, die auf die Entwicklung von Kompetenzen und die digitale Inklusion abzielen;<\/li>\n\n\n\n<li>Gemeinsame Marken- und Dienstleistungsf\u00f6rderung.<\/li>\n<\/ul>\n\n\n\n<h3 class=\"wp-block-heading has-inter-font-family has-medium-font-size\" style=\"font-style:normal;font-weight:400\"><strong>VERPFLICHTUNGEN DER PARTEIEN<\/strong><\/h3>\n\n\n\n<p class=\"has-inter-font-family has-medium-font-size\" style=\"font-style:normal;font-weight:400\"><strong>O\u00dc Amps Income verpflichtet sich:<\/strong><\/p>\n\n\n\n<ul style=\"font-style:normal;font-weight:400\" class=\"wp-block-list has-inter-font-family has-medium-font-size\">\n<li>dem Partner aktuelle Informationen \u00fcber ihre Bildungs-, Beratungs- und digitalen Initiativen, verf\u00fcgbaren Dienstleistungen und Teilnahmem\u00f6glichkeiten zur Verf\u00fcgung zu stellen; <\/li>\n\n\n\n<li>den Partner \u00fcber wichtige Ereignisse wie Foren, Ausstellungen, Schulungsprogramme, internationale Projekte und Netzwerkveranstaltungen zu informieren;<\/li>\n\n\n\n<li>die F\u00f6rderung des Partners und seiner Aktivit\u00e4ten im Rahmen eigener Bildungs- und Gesch\u00e4ftsplattformen sowie \u00fcber professionelle Gemeinschaften, auch auf internationaler Ebene, zu unterst\u00fctzen;<\/li>\n<\/ul>\n\n\n\n<p class=\"has-inter-font-family has-medium-font-size\" style=\"font-style:normal;font-weight:400\"><strong>Der Partner verpflichtet sich:<\/strong><\/p>\n\n\n\n<ul style=\"font-style:normal;font-weight:400\" class=\"wp-block-list has-inter-font-family has-medium-font-size\">\n<li>aktiv an der Vorbereitung und Umsetzung gemeinsamer Veranstaltungen, Bildungsprojekte und anderer Initiativen teilzunehmen;<\/li>\n\n\n\n<li>die Grunds\u00e4tze des gegenseitigen Respekts, der Vertraulichkeit und der Wahrung des gesch\u00e4ftlichen Rufs der Parteien einzuhalten;<\/li>\n\n\n\n<li>Vorschl\u00e4ge zur Entwicklung der Partnerschaft zu unterbreiten, indem Ideen, Ressourcen und Initiativen angeboten werden, die zur St\u00e4rkung der Zusammenarbeit beitragen;<\/li>\n\n\n\n<li>Rechtzeitig die erforderlichen Informationen, Berichte und R\u00fcckmeldungen im Rahmen gemeinsamer Projekte zur Verf\u00fcgung zu stellen.<\/li>\n<\/ul>\n\n\n\n<h3 class=\"wp-block-heading has-inter-font-family has-medium-font-size\" style=\"font-style:normal;font-weight:400\"><strong>G\u00dcLTIGKEITSDAUER<\/strong><\/h3>\n\n\n\n<p class=\"has-inter-font-family has-medium-font-size\" style=\"font-style:normal;font-weight:400\">Dieses Memorandum tritt mit dem Datum der Unterzeichnung durch beide Parteien in Kraft und ist f\u00fcr die Dauer von <strong>einem Jahr<\/strong> g\u00fcltig. Die G\u00fcltigkeitsdauer kann im gegenseitigen schriftlichen Einvernehmen der Parteien verl\u00e4ngert werden. <\/p>\n\n\n\n<h3 class=\"wp-block-heading has-inter-font-family has-medium-font-size\" style=\"font-style:normal;font-weight:400\"><strong>STREITBEILEGUNG<\/strong><\/h3>\n\n\n\n<p class=\"has-inter-font-family has-medium-font-size\" style=\"font-style:normal;font-weight:400\">Die Parteien sind bestrebt, alle entstehenden Meinungsverschiedenheiten durch Verhandlungen und gegenseitige Konsultationen zu l\u00f6sen. Sollte eine g\u00fctliche Beilegung des Streits nicht m\u00f6glich sein, wird er gem\u00e4\u00df dem geltenden Recht <strong>Estlands<\/strong> beigelegt. <\/p>\n\n\n\n<h3 class=\"wp-block-heading has-inter-font-family has-medium-font-size\" style=\"font-style:normal;font-weight:400\"><strong>RECHTLICHER STATUS<\/strong><\/h3>\n\n\n\n<p class=\"has-inter-font-family has-medium-font-size\" style=\"font-style:normal;font-weight:400\">Dieses Memorandum stellt keinen rechtsverbindlichen Vertrag dar, sondern dr\u00fcckt die Absichten der Parteien zur Entwicklung der Zusammenarbeit aus. Alle spezifischen Verpflichtungen, einschlie\u00dflich finanzieller Art, bed\u00fcrfen einer gesonderten Vereinbarung und Formalisierung im Rahmen separater Vertr\u00e4ge. <\/p>\n\n\n\n<h3 class=\"wp-block-heading has-inter-font-family has-medium-font-size\" style=\"font-style:normal;font-weight:400\"><strong>SCHLUSSBESTIMMUNGEN<\/strong><\/h3>\n\n\n\n<ul style=\"font-style:normal;font-weight:400\" class=\"wp-block-list has-inter-font-family has-medium-font-size\">\n<li>Die Parteien erkennen die Notwendigkeit einer regelm\u00e4\u00dfigen Kommunikation und gegenseitigen Information \u00fcber den Fortschritt der gemeinsamen Initiativen an.<\/li>\n\n\n\n<li>Alle \u00c4nderungen und Erg\u00e4nzungen zu diesem Memorandum sind nur g\u00fcltig, wenn sie schriftlich festgehalten und von beiden Parteien unterzeichnet werden.<\/li>\n<\/ul>\n\n\n\n<p class=\"has-inter-font-family has-medium-font-size\" style=\"font-style:normal;font-weight:400\"><strong>UNTERSCHRIFTEN DER PARTEIEN:<\/strong><\/p>\n\n\n\n<p class=\"has-inter-font-family has-medium-font-size\" style=\"font-style:normal;font-weight:400\"><strong>O\u00dc Amps Income (Reg.-Nr. 17242977)<\/strong><\/p>\n\n\n\n<p class=\"has-inter-font-family has-medium-font-size\" style=\"font-style:normal;font-weight:400\"> (Tallinn, Estland)<\/p>\n\n\n\n<p class=\"has-inter-font-family has-medium-font-size\" style=\"font-style:normal;font-weight:400\"><br\/>Vertreter: __________Ljudmila Ojavere_________________<br\/>Position: ____Vorstandsmitglied___________________________<br\/>Unterschrift: _____digitale Unterschrift ____________________________<br\/>Datum: ____.2025________________________________<\/p>\n\n\n\n<p class=\"has-inter-font-family has-medium-font-size\" style=\"font-style:normal;font-weight:400\"><strong>\u2026\u2026\u2026\u2026\u2026\u2026\u2026\u2026 (Reg.-Nr.)<\/strong><strong><br\/><\/strong> (Tallinn, Estland)<\/p>\n\n\n\n<p class=\"has-inter-font-family has-medium-font-size\" style=\"font-style:normal;font-weight:400\"><br\/>Vertreter: ___________________________<br\/>Position: _______________________________<br\/>Unterschrift: _________________________________<br\/>Datum: ____________________________________<\/p>\n\n\n\n<div style=\"height:0px\" aria-hidden=\"true\" class=\"wp-block-spacer wp-container-content-6388d5dc\"><\/div>\n<\/div>\n","protected":false},"excerpt":{"rendered":"<p>Kooperationsmemorandum (Memorandum of Understanding \/ MoU) Tallinn, Estland Datum: \u2026.\u2026..2025 Dieses Kooperationsmemorandum (im Folgenden \u201eMemorandum\u201c genannt) wird zum Zwecke der Festlegung eines gegenseitigen Verst\u00e4ndnisses und der Entwicklung von Partnerschaften zwischen den folgenden Parteien geschlossen: 1. O\u00dc Amps Income, eingetragen in Tallinn, Estland, vertreten durch einen bevollm\u00e4chtigten Vertreter, handelnd gem\u00e4\u00df der Satzung, im Folgenden \u201eO\u00dc Amps [&hellip;]<\/p>\n","protected":false},"author":2,"featured_media":0,"parent":0,"menu_order":0,"comment_status":"closed","ping_status":"closed","template":"no-title","meta":{"footnotes":""},"class_list":["post-1567","page","type-page","status-publish","hentry"],"aioseo_notices":[],"_links":{"self":[{"href":"https:\/\/incommer.com\/de\/wp-json\/wp\/v2\/pages\/1567","targetHints":{"allow":["GET"]}}],"collection":[{"href":"https:\/\/incommer.com\/de\/wp-json\/wp\/v2\/pages"}],"about":[{"href":"https:\/\/incommer.com\/de\/wp-json\/wp\/v2\/types\/page"}],"author":[{"embeddable":true,"href":"https:\/\/incommer.com\/de\/wp-json\/wp\/v2\/users\/2"}],"replies":[{"embeddable":true,"href":"https:\/\/incommer.com\/de\/wp-json\/wp\/v2\/comments?post=1567"}],"version-history":[{"count":3,"href":"https:\/\/incommer.com\/de\/wp-json\/wp\/v2\/pages\/1567\/revisions"}],"predecessor-version":[{"id":1574,"href":"https:\/\/incommer.com\/de\/wp-json\/wp\/v2\/pages\/1567\/revisions\/1574"}],"wp:attachment":[{"href":"https:\/\/incommer.com\/de\/wp-json\/wp\/v2\/media?parent=1567"}],"curies":[{"name":"wp","href":"https:\/\/api.w.org\/{rel}","templated":true}]}}