{"id":1565,"date":"2025-07-17T17:35:33","date_gmt":"2025-07-17T17:35:33","guid":{"rendered":"https:\/\/incommer.com\/404-seite\/"},"modified":"2026-02-20T12:46:22","modified_gmt":"2026-02-20T12:46:22","slug":"404-seite","status":"publish","type":"page","link":"https:\/\/incommer.com\/de\/404-seite\/","title":{"rendered":"404-Seite"},"content":{"rendered":"\n<h2 class=\"wp-block-heading has-tertiary-color has-text-color has-link-color has-xx-large-font-size wp-elements-287d1b0eef0cb135f9f750e00b2f4da7\">404<\/h2>\n\n<h2 class=\"wp-block-heading has-tertiary-color has-text-color has-link-color has-large-font-size wp-elements-d5c88562b57074a190489694ece18e0c\">Ups, es scheint, als h\u00e4tte jemand eine falsche Abzweigung genommen<\/h2>\n\n<div class=\"wp-block-group has-global-padding is-layout-constrained wp-container-core-group-is-layout-de163846 wp-block-group-is-layout-constrained\" style=\"margin-top:var(--wp--preset--spacing--30);margin-bottom:var(--wp--preset--spacing--30);padding-top:0;padding-bottom:0\">\n<p>Die gesuchte Seite wurde nicht gefunden. Aber wie im Gesch\u00e4ftsleben, auf LinkedIn und auf Reisen gilt: Das Wichtigste ist, wohin Sie sich als N\u00e4chstes bewegen.<br\/>Wir k\u00f6nnen Sie zu dem zur\u00fcckf\u00fchren, was funktioniert: <\/p>\n\n\n\n<ul class=\"wp-block-list\">\n<li>Beratungen zum Unternehmenswachstum<\/li>\n<\/ul>\n\n\n\n<ul class=\"wp-block-list\">\n<li>Schulung zur effektiven Nutzung von LinkedIn<\/li>\n<\/ul>\n\n\n\n<ul class=\"wp-block-list\">\n<li>Organisation von Business-Networking-Veranstaltungen und -Reisen<\/li>\n<\/ul>\n<\/div>\n\n<div class=\"wp-block-buttons is-layout-flex wp-container-core-buttons-is-layout-e9b0c5a7 wp-block-buttons-is-layout-flex\" style=\"margin-top:0;margin-bottom:0\">\n<div class=\"wp-block-button\"><a class=\"wp-block-button__link wp-element-button\" href=\"https:\/\/incommer.com\/de\/\">zur Startseite<\/a><\/div>\n<\/div>\n\n<div style=\"height:100px\" aria-hidden=\"true\" class=\"wp-block-spacer\"><\/div>\n\n<h2 class=\"wp-block-heading has-tertiary-color has-text-color has-link-color has-large-font-size wp-elements-36f3644281a351fb0e2b9872ad2b30a8\">Ups, sieht aus, als h\u00e4tte sich jemand falsch abgebogen<\/h2>\n\n<div class=\"wp-block-group has-global-padding is-layout-constrained wp-container-core-group-is-layout-de163846 wp-block-group-is-layout-constrained\" style=\"margin-top:var(--wp--preset--spacing--30);margin-bottom:var(--wp--preset--spacing--30);padding-top:0;padding-bottom:0\">\n<p style=\"margin-right:0;margin-left:0\">Die Seite, die Sie suchen, kann nicht gefunden werden. Aber genau wie im Gesch\u00e4ftsleben, auf LinkedIn und auf einer Reise &#8211;  <\/p>\n\n\n\n<p style=\"margin-right:0;margin-left:0\">Das Wichtigste ist, wohin Sie als N\u00e4chstes gehen. Wir k\u00f6nnen Sie zu dem zur\u00fcckf\u00fchren, was funktioniert: <\/p>\n\n\n\n<ul class=\"wp-block-list\">\n<li>Beratung zum Unternehmenswachstum<\/li>\n<\/ul>\n\n\n\n<ul class=\"wp-block-list\">\n<li>Schulung zur effektiven Nutzung von LinkedIn<\/li>\n<\/ul>\n\n\n\n<ul class=\"wp-block-list\">\n<li>Organisation von Business-Networking-Reisen<\/li>\n<\/ul>\n<\/div>\n\n<div class=\"wp-block-buttons is-layout-flex wp-container-core-buttons-is-layout-e9b0c5a7 wp-block-buttons-is-layout-flex\" style=\"margin-top:0;margin-bottom:0\">\n<div class=\"wp-block-button\"><a class=\"wp-block-button__link wp-element-button\" href=\"https:\/\/incommer.com\/de\/\">Zur Homepage gehen<\/a><\/div>\n<\/div>\n\n<div style=\"height:100px\" aria-hidden=\"true\" class=\"wp-block-spacer\"><\/div>\n\n<h2 class=\"wp-block-heading has-tertiary-color has-text-color has-link-color has-large-font-size wp-elements-d2bd7cde5d36e4b564bf8c0e2e9095f0\">Hoppla, sieht aus, als h\u00e4tte jemand eine falsche Abzweigung genommen<\/h2>\n\n<div class=\"wp-block-group has-global-padding is-layout-constrained wp-container-core-group-is-layout-de163846 wp-block-group-is-layout-constrained\" style=\"margin-top:var(--wp--preset--spacing--30);margin-bottom:var(--wp--preset--spacing--30);padding-top:0;padding-bottom:0\">\n<p style=\"margin-right:0;margin-left:0\">Die Seite, die Sie suchen, wurde nicht gefunden. Aber wie im Gesch\u00e4ftsleben, auf LinkedIn und auf Reisen &#8211;  <\/p>\n\n\n\n<p style=\"margin-right:0;margin-left:0\">Das Wichtigste ist, wohin Sie als N\u00e4chstes gehen. Wir k\u00f6nnen Ihnen anbieten, zu dem zur\u00fcckzukehren, was funktioniert: <\/p>\n\n\n\n<ul class=\"wp-block-list\">\n<li>Beratung zum Wachstum der Gesch\u00e4ftsrentabilit\u00e4t<\/li>\n\n\n\n<li>Schulung f\u00fcr effektives Arbeiten in LinkedIn<\/li>\n\n\n\n<li>Organisation von Gesch\u00e4fts-Networking-Reisen<\/li>\n<\/ul>\n<\/div>\n\n<div class=\"wp-block-buttons is-layout-flex wp-container-core-buttons-is-layout-e9b0c5a7 wp-block-buttons-is-layout-flex\" style=\"margin-top:0;margin-bottom:0\">\n<div class=\"wp-block-button\"><a class=\"wp-block-button__link wp-element-button\" href=\"https:\/\/incommer.com\/de\/\">Zur Hauptseite<\/a><\/div>\n<\/div>\n\n<div style=\"height:100px\" aria-hidden=\"true\" class=\"wp-block-spacer\"><\/div>\n\n<h2 class=\"wp-block-heading has-tertiary-color has-text-color has-link-color has-large-font-size wp-elements-9538c6e145a9042229e5de183a178cf8\">Ups, scheint so, als w\u00e4re jemand falsch abgebogen<\/h2>\n\n<div class=\"wp-block-group has-global-padding is-layout-constrained wp-container-core-group-is-layout-de163846 wp-block-group-is-layout-constrained\" style=\"margin-top:var(--wp--preset--spacing--30);margin-bottom:var(--wp--preset--spacing--30);padding-top:0;padding-bottom:0\">\n<p>Die gesuchte Seite wurde nicht gefunden. Doch wie im Gesch\u00e4ftsleben, auf LinkedIn oder auf einer Reise \u2013  <\/p>\n\n\n\n<p>Entscheidend ist, wohin Sie als N\u00e4chstes gehen. Wir k\u00f6nnen Sie zur\u00fcck zu dem f\u00fchren, was wirklich funktioniert: <\/p>\n\n\n\n<ul class=\"wp-block-list\">\n<li>Beratung zum Wachstum der Gesch\u00e4ftsertr\u00e4ge<\/li>\n<\/ul>\n\n\n\n<ul class=\"wp-block-list\">\n<li>Training f\u00fcr die effektive Nutzung von LinkedIn<\/li>\n<\/ul>\n\n\n\n<ul class=\"wp-block-list\">\n<li>Organisation von Business-Networking-Reisen<\/li>\n<\/ul>\n<\/div>\n\n<div class=\"wp-block-buttons is-layout-flex wp-container-core-buttons-is-layout-e9b0c5a7 wp-block-buttons-is-layout-flex\" style=\"margin-top:0;margin-bottom:0\">\n<div class=\"wp-block-button\"><a class=\"wp-block-button__link wp-element-button\" href=\"https:\/\/incommer.com\/de\/\">Zur Startseite<\/a><\/div>\n<\/div>\n\n<div style=\"height:100px\" aria-hidden=\"true\" class=\"wp-block-spacer\"><\/div>\n","protected":false},"excerpt":{"rendered":"<p>404 Ups, es scheint, als h\u00e4tte jemand eine falsche Abzweigung genommen Die gesuchte Seite wurde nicht gefunden. Aber wie im Gesch\u00e4ftsleben, auf LinkedIn und auf Reisen gilt: Das Wichtigste ist, wohin Sie sich als N\u00e4chstes bewegen.Wir k\u00f6nnen Sie zu dem zur\u00fcckf\u00fchren, was funktioniert: Ups, sieht aus, als h\u00e4tte sich jemand falsch abgebogen Die Seite, die [&hellip;]<\/p>\n","protected":false},"author":1,"featured_media":0,"parent":0,"menu_order":0,"comment_status":"closed","ping_status":"closed","template":"","meta":{"footnotes":""},"class_list":["post-1565","page","type-page","status-publish","hentry"],"aioseo_notices":[],"_links":{"self":[{"href":"https:\/\/incommer.com\/de\/wp-json\/wp\/v2\/pages\/1565","targetHints":{"allow":["GET"]}}],"collection":[{"href":"https:\/\/incommer.com\/de\/wp-json\/wp\/v2\/pages"}],"about":[{"href":"https:\/\/incommer.com\/de\/wp-json\/wp\/v2\/types\/page"}],"author":[{"embeddable":true,"href":"https:\/\/incommer.com\/de\/wp-json\/wp\/v2\/users\/1"}],"replies":[{"embeddable":true,"href":"https:\/\/incommer.com\/de\/wp-json\/wp\/v2\/comments?post=1565"}],"version-history":[{"count":1,"href":"https:\/\/incommer.com\/de\/wp-json\/wp\/v2\/pages\/1565\/revisions"}],"predecessor-version":[{"id":1566,"href":"https:\/\/incommer.com\/de\/wp-json\/wp\/v2\/pages\/1565\/revisions\/1566"}],"wp:attachment":[{"href":"https:\/\/incommer.com\/de\/wp-json\/wp\/v2\/media?parent=1565"}],"curies":[{"name":"wp","href":"https:\/\/api.w.org\/{rel}","templated":true}]}}